{"id":863,"date":"2025-02-23T02:11:01","date_gmt":"2025-02-23T02:11:01","guid":{"rendered":"https:\/\/jaralgto.gob.mx\/home\/?page_id=863"},"modified":"2025-02-23T02:21:34","modified_gmt":"2025-02-23T02:21:34","slug":"sesiones-ordinarias-gobierno-municipal","status":"publish","type":"page","link":"https:\/\/jaralgto.gob.mx\/home\/sesiones-ordinarias-gobierno-municipal\/","title":{"rendered":"Sesiones Ordinarias Gobierno Municipal"},"content":{"rendered":"\t\t<div data-elementor-type=\"wp-page\" data-elementor-id=\"863\" class=\"elementor elementor-863\" data-elementor-post-type=\"page\">\n\t\t\t\t<div class=\"elementor-element elementor-element-7c80925 e-con-full e-flex e-con e-parent\" data-id=\"7c80925\" data-element_type=\"container\" data-settings=\"{&quot;background_background&quot;:&quot;classic&quot;}\">\n\t\t<div class=\"elementor-element elementor-element-3366f14 animated-fast e-flex e-con-boxed elementor-invisible e-con e-child\" data-id=\"3366f14\" data-element_type=\"container\" data-settings=\"{&quot;animation&quot;:&quot;fadeInUp&quot;}\">\n\t\t\t\t\t<div class=\"e-con-inner\">\n\t\t<div class=\"elementor-element elementor-element-2cc2aec e-con-full e-flex e-con e-child\" data-id=\"2cc2aec\" data-element_type=\"container\">\n\t\t\t\t<div class=\"elementor-element elementor-element-1b14940 elementor-hidden-desktop elementor-hidden-tablet elementor-widget elementor-widget-image\" data-id=\"1b14940\" data-element_type=\"widget\" data-widget_type=\"image.default\">\n\t\t\t\t<div class=\"elementor-widget-container\">\n\t\t\t\t\t\t\t\t\t\t\t\t\t\t\t<img fetchpriority=\"high\" decoding=\"async\" width=\"800\" height=\"186\" src=\"https:\/\/jaralgto.gob.mx\/home\/wp-content\/uploads\/2025\/02\/logo_jaral-scaled2-1-1024x238.webp\" class=\"attachment-large size-large wp-image-865\" alt=\"\" srcset=\"https:\/\/jaralgto.gob.mx\/home\/wp-content\/uploads\/2025\/02\/logo_jaral-scaled2-1-1024x238.webp 1024w, https:\/\/jaralgto.gob.mx\/home\/wp-content\/uploads\/2025\/02\/logo_jaral-scaled2-1-300x70.webp 300w, https:\/\/jaralgto.gob.mx\/home\/wp-content\/uploads\/2025\/02\/logo_jaral-scaled2-1-768x178.webp 768w, https:\/\/jaralgto.gob.mx\/home\/wp-content\/uploads\/2025\/02\/logo_jaral-scaled2-1-1536x356.webp 1536w, https:\/\/jaralgto.gob.mx\/home\/wp-content\/uploads\/2025\/02\/logo_jaral-scaled2-1-2048x475.webp 2048w, https:\/\/jaralgto.gob.mx\/home\/wp-content\/uploads\/2025\/02\/logo_jaral-scaled2-1-600x139.webp 600w\" sizes=\"(max-width: 800px) 100vw, 800px\" \/>\t\t\t\t\t\t\t\t\t\t\t\t\t\t\t<\/div>\n\t\t\t\t<\/div>\n\t\t\t\t<div class=\"elementor-element elementor-element-81f5556 elementor-widget elementor-widget-heading\" data-id=\"81f5556\" data-element_type=\"widget\" data-widget_type=\"heading.default\">\n\t\t\t\t<div class=\"elementor-widget-container\">\n\t\t\t\t\t<h2 class=\"elementor-heading-title elementor-size-default\">Sesiones Ordinarias <br>Gobierno Municipal 2024-2027<\/h2>\t\t\t\t<\/div>\n\t\t\t\t<\/div>\n\t\t\t\t<\/div>\n\t\t\t\t\t<\/div>\n\t\t\t\t<\/div>\n\t\t<div class=\"elementor-element elementor-element-6e5b9be e-flex e-con-boxed e-con e-child\" data-id=\"6e5b9be\" data-element_type=\"container\">\n\t\t\t\t\t<div class=\"e-con-inner\">\n\t\t<div class=\"elementor-element elementor-element-03fcbbd e-con-full e-flex e-con e-child\" data-id=\"03fcbbd\" data-element_type=\"container\">\n\t\t\t\t<div class=\"elementor-element elementor-element-532bac7 elementor-widget elementor-widget-n-accordion\" data-id=\"532bac7\" data-element_type=\"widget\" data-settings=\"{&quot;default_state&quot;:&quot;expanded&quot;,&quot;max_items_expended&quot;:&quot;one&quot;,&quot;n_accordion_animation_duration&quot;:{&quot;unit&quot;:&quot;ms&quot;,&quot;size&quot;:400,&quot;sizes&quot;:[]}}\" data-widget_type=\"nested-accordion.default\">\n\t\t\t\t<div class=\"elementor-widget-container\">\n\t\t\t\t\t\t\t<div class=\"e-n-accordion\" aria-label=\"Accordion. Open links with Enter or Space, close with Escape, and navigate with Arrow Keys\">\n\t\t\t\t\t\t<details id=\"e-n-accordion-item-8720\" class=\"e-n-accordion-item\" open>\n\t\t\t\t<summary class=\"e-n-accordion-item-title\" data-accordion-index=\"1\" tabindex=\"0\" aria-expanded=\"true\" aria-controls=\"e-n-accordion-item-8720\" >\n\t\t\t\t\t<span class='e-n-accordion-item-title-header'><div class=\"e-n-accordion-item-title-text\"> Primera sesi\u00f3n Ordinaria <\/div><\/span>\n\t\t\t\t\t\t\t<span class='e-n-accordion-item-title-icon'>\n\t\t\t<span class='e-opened' ><svg aria-hidden=\"true\" class=\"e-font-icon-svg e-fas-minus\" viewBox=\"0 0 448 512\" xmlns=\"http:\/\/www.w3.org\/2000\/svg\"><path d=\"M416 208H32c-17.67 0-32 14.33-32 32v32c0 17.67 14.33 32 32 32h384c17.67 0 32-14.33 32-32v-32c0-17.67-14.33-32-32-32z\"><\/path><\/svg><\/span>\n\t\t\t<span class='e-closed'><svg aria-hidden=\"true\" class=\"e-font-icon-svg e-fas-plus\" viewBox=\"0 0 448 512\" xmlns=\"http:\/\/www.w3.org\/2000\/svg\"><path d=\"M416 208H272V64c0-17.67-14.33-32-32-32h-32c-17.67 0-32 14.33-32 32v144H32c-17.67 0-32 14.33-32 32v32c0 17.67 14.33 32 32 32h144v144c0 17.67 14.33 32 32 32h32c17.67 0 32-14.33 32-32V304h144c17.67 0 32-14.33 32-32v-32c0-17.67-14.33-32-32-32z\"><\/path><\/svg><\/span>\n\t\t<\/span>\n\n\t\t\t\t\t\t<\/summary>\n\t\t\t\t<div role=\"region\" aria-labelledby=\"e-n-accordion-item-8720\" class=\"elementor-element elementor-element-200c84e e-con-full e-flex e-con e-child\" data-id=\"200c84e\" data-element_type=\"container\">\n\t\t\t\t<div class=\"elementor-element elementor-element-886b81f elementor-widget elementor-widget-heading\" data-id=\"886b81f\" data-element_type=\"widget\" data-widget_type=\"heading.default\">\n\t\t\t\t<div class=\"elementor-widget-container\">\n\t\t\t\t\t<h2 class=\"elementor-heading-title elementor-size-default\"><a href=\"https:\/\/jaralgto.gob.mx\/wp-content\/uploads\/2024\/11\/Acta-de-Primera-Sesion-Ordinaria.pdf\" target=\"_blank\">Acta Sesi\u00f3n Ordinaria<\/a><\/h2>\t\t\t\t<\/div>\n\t\t\t\t<\/div>\n\t\t\t\t<div class=\"elementor-element elementor-element-02b78b5 elementor-widget elementor-widget-heading\" data-id=\"02b78b5\" data-element_type=\"widget\" data-widget_type=\"heading.default\">\n\t\t\t\t<div class=\"elementor-widget-container\">\n\t\t\t\t\t<h2 class=\"elementor-heading-title elementor-size-default\"><a href=\"https:\/\/www.youtube.com\/watch?v=4u_aR-U1M6c\" target=\"_blank\">Video sesi\u00f3n ordinaria<\/a><\/h2>\t\t\t\t<\/div>\n\t\t\t\t<\/div>\n\t\t\t\t<\/div>\n\t\t\t\t\t<\/details>\n\t\t\t\t\t\t<details id=\"e-n-accordion-item-8721\" class=\"e-n-accordion-item\" >\n\t\t\t\t<summary class=\"e-n-accordion-item-title\" data-accordion-index=\"2\" tabindex=\"-1\" aria-expanded=\"false\" aria-controls=\"e-n-accordion-item-8721\" >\n\t\t\t\t\t<span class='e-n-accordion-item-title-header'><div class=\"e-n-accordion-item-title-text\"> Segunda sesi\u00f3n Ordinaria <\/div><\/span>\n\t\t\t\t\t\t\t<span class='e-n-accordion-item-title-icon'>\n\t\t\t<span class='e-opened' ><svg aria-hidden=\"true\" class=\"e-font-icon-svg e-fas-minus\" viewBox=\"0 0 448 512\" xmlns=\"http:\/\/www.w3.org\/2000\/svg\"><path d=\"M416 208H32c-17.67 0-32 14.33-32 32v32c0 17.67 14.33 32 32 32h384c17.67 0 32-14.33 32-32v-32c0-17.67-14.33-32-32-32z\"><\/path><\/svg><\/span>\n\t\t\t<span class='e-closed'><svg aria-hidden=\"true\" class=\"e-font-icon-svg e-fas-plus\" viewBox=\"0 0 448 512\" xmlns=\"http:\/\/www.w3.org\/2000\/svg\"><path d=\"M416 208H272V64c0-17.67-14.33-32-32-32h-32c-17.67 0-32 14.33-32 32v144H32c-17.67 0-32 14.33-32 32v32c0 17.67 14.33 32 32 32h144v144c0 17.67 14.33 32 32 32h32c17.67 0 32-14.33 32-32V304h144c17.67 0 32-14.33 32-32v-32c0-17.67-14.33-32-32-32z\"><\/path><\/svg><\/span>\n\t\t<\/span>\n\n\t\t\t\t\t\t<\/summary>\n\t\t\t\t<div role=\"region\" aria-labelledby=\"e-n-accordion-item-8721\" class=\"elementor-element elementor-element-3e4d876 e-con-full e-flex e-con e-child\" data-id=\"3e4d876\" data-element_type=\"container\">\n\t\t\t\t<div class=\"elementor-element elementor-element-d5be23d elementor-widget elementor-widget-heading\" data-id=\"d5be23d\" data-element_type=\"widget\" data-widget_type=\"heading.default\">\n\t\t\t\t<div class=\"elementor-widget-container\">\n\t\t\t\t\t<h2 class=\"elementor-heading-title elementor-size-default\">Acta Sesi\u00f3n Ordinaria<\/h2>\t\t\t\t<\/div>\n\t\t\t\t<\/div>\n\t\t\t\t<div class=\"elementor-element elementor-element-14d5b1f elementor-widget elementor-widget-heading\" data-id=\"14d5b1f\" data-element_type=\"widget\" data-widget_type=\"heading.default\">\n\t\t\t\t<div class=\"elementor-widget-container\">\n\t\t\t\t\t<h2 class=\"elementor-heading-title elementor-size-default\"><a href=\"https:\/\/www.youtube.com\/watch?v=ERVsJ4J3nCQ\" target=\"_blank\">Video sesi\u00f3n ordinaria<\/a><\/h2>\t\t\t\t<\/div>\n\t\t\t\t<\/div>\n\t\t\t\t<\/div>\n\t\t\t\t\t<\/details>\n\t\t\t\t\t\t<details id=\"e-n-accordion-item-8722\" class=\"e-n-accordion-item\" >\n\t\t\t\t<summary class=\"e-n-accordion-item-title\" data-accordion-index=\"3\" tabindex=\"-1\" aria-expanded=\"false\" aria-controls=\"e-n-accordion-item-8722\" >\n\t\t\t\t\t<span class='e-n-accordion-item-title-header'><div class=\"e-n-accordion-item-title-text\"> Tercera sesi\u00f3n Ordinaria <\/div><\/span>\n\t\t\t\t\t\t\t<span class='e-n-accordion-item-title-icon'>\n\t\t\t<span class='e-opened' ><svg aria-hidden=\"true\" class=\"e-font-icon-svg e-fas-minus\" viewBox=\"0 0 448 512\" xmlns=\"http:\/\/www.w3.org\/2000\/svg\"><path d=\"M416 208H32c-17.67 0-32 14.33-32 32v32c0 17.67 14.33 32 32 32h384c17.67 0 32-14.33 32-32v-32c0-17.67-14.33-32-32-32z\"><\/path><\/svg><\/span>\n\t\t\t<span class='e-closed'><svg aria-hidden=\"true\" class=\"e-font-icon-svg e-fas-plus\" viewBox=\"0 0 448 512\" xmlns=\"http:\/\/www.w3.org\/2000\/svg\"><path d=\"M416 208H272V64c0-17.67-14.33-32-32-32h-32c-17.67 0-32 14.33-32 32v144H32c-17.67 0-32 14.33-32 32v32c0 17.67 14.33 32 32 32h144v144c0 17.67 14.33 32 32 32h32c17.67 0 32-14.33 32-32V304h144c17.67 0 32-14.33 32-32v-32c0-17.67-14.33-32-32-32z\"><\/path><\/svg><\/span>\n\t\t<\/span>\n\n\t\t\t\t\t\t<\/summary>\n\t\t\t\t<div role=\"region\" aria-labelledby=\"e-n-accordion-item-8722\" class=\"elementor-element elementor-element-9b6372b e-con-full e-flex e-con e-child\" data-id=\"9b6372b\" data-element_type=\"container\">\n\t\t\t\t<div class=\"elementor-element elementor-element-574027b elementor-widget elementor-widget-heading\" data-id=\"574027b\" data-element_type=\"widget\" data-widget_type=\"heading.default\">\n\t\t\t\t<div class=\"elementor-widget-container\">\n\t\t\t\t\t<h2 class=\"elementor-heading-title elementor-size-default\">Acta Sesi\u00f3n Ordinaria<\/h2>\t\t\t\t<\/div>\n\t\t\t\t<\/div>\n\t\t\t\t<div class=\"elementor-element elementor-element-964714b elementor-widget elementor-widget-heading\" data-id=\"964714b\" data-element_type=\"widget\" data-widget_type=\"heading.default\">\n\t\t\t\t<div class=\"elementor-widget-container\">\n\t\t\t\t\t<h2 class=\"elementor-heading-title elementor-size-default\">Video sesi\u00f3n ordinaria<\/h2>\t\t\t\t<\/div>\n\t\t\t\t<\/div>\n\t\t\t\t<\/div>\n\t\t\t\t\t<\/details>\n\t\t\t\t\t<\/div>\n\t\t\t\t\t\t<\/div>\n\t\t\t\t<\/div>\n\t\t\t\t<\/div>\n\t\t<div class=\"elementor-element elementor-element-61cd1d4 e-con-full animated-fast elementor-hidden-mobile e-flex elementor-invisible e-con e-child\" data-id=\"61cd1d4\" data-element_type=\"container\" data-settings=\"{&quot;animation&quot;:&quot;fadeInUp&quot;}\">\n\t\t\t\t<div class=\"elementor-element elementor-element-9eb272d elementor-widget elementor-widget-image\" data-id=\"9eb272d\" data-element_type=\"widget\" data-widget_type=\"image.default\">\n\t\t\t\t<div class=\"elementor-widget-container\">\n\t\t\t\t\t\t\t\t\t\t\t\t\t\t\t<img fetchpriority=\"high\" decoding=\"async\" width=\"800\" height=\"186\" src=\"https:\/\/jaralgto.gob.mx\/home\/wp-content\/uploads\/2025\/02\/logo_jaral-scaled2-1-1024x238.webp\" class=\"attachment-large size-large wp-image-865\" alt=\"\" srcset=\"https:\/\/jaralgto.gob.mx\/home\/wp-content\/uploads\/2025\/02\/logo_jaral-scaled2-1-1024x238.webp 1024w, https:\/\/jaralgto.gob.mx\/home\/wp-content\/uploads\/2025\/02\/logo_jaral-scaled2-1-300x70.webp 300w, https:\/\/jaralgto.gob.mx\/home\/wp-content\/uploads\/2025\/02\/logo_jaral-scaled2-1-768x178.webp 768w, https:\/\/jaralgto.gob.mx\/home\/wp-content\/uploads\/2025\/02\/logo_jaral-scaled2-1-1536x356.webp 1536w, https:\/\/jaralgto.gob.mx\/home\/wp-content\/uploads\/2025\/02\/logo_jaral-scaled2-1-2048x475.webp 2048w, https:\/\/jaralgto.gob.mx\/home\/wp-content\/uploads\/2025\/02\/logo_jaral-scaled2-1-600x139.webp 600w\" sizes=\"(max-width: 800px) 100vw, 800px\" \/>\t\t\t\t\t\t\t\t\t\t\t\t\t\t\t<\/div>\n\t\t\t\t<\/div>\n\t\t\t\t<\/div>\n\t\t\t\t\t<\/div>\n\t\t\t\t<\/div>\n\t\t\t\t<\/div>\n\t\t\t\t<\/div>\n\t\t","protected":false},"excerpt":{"rendered":"<p>Sesiones Ordinarias Gobierno Municipal 2024-2027 Primera sesi\u00f3n Ordinaria Acta Sesi\u00f3n Ordinaria Video sesi\u00f3n ordinaria Segunda sesi\u00f3n Ordinaria Acta Sesi\u00f3n Ordinaria Video sesi\u00f3n ordinaria Tercera sesi\u00f3n Ordinaria Acta Sesi\u00f3n Ordinaria Video sesi\u00f3n ordinaria Acta Sesi\u00f3n Ordinaria Video sesi\u00f3n ordinaria Acta Sesi\u00f3n Ordinaria Video sesi\u00f3n ordinaria Acta Sesi\u00f3n Ordinaria Video sesi\u00f3n ordinaria<\/p>\n","protected":false},"author":1,"featured_media":0,"parent":0,"menu_order":0,"comment_status":"closed","ping_status":"closed","template":"","meta":{"footnotes":""},"class_list":["post-863","page","type-page","status-publish","hentry"],"_links":{"self":[{"href":"https:\/\/jaralgto.gob.mx\/home\/wp-json\/wp\/v2\/pages\/863","targetHints":{"allow":["GET"]}}],"collection":[{"href":"https:\/\/jaralgto.gob.mx\/home\/wp-json\/wp\/v2\/pages"}],"about":[{"href":"https:\/\/jaralgto.gob.mx\/home\/wp-json\/wp\/v2\/types\/page"}],"author":[{"embeddable":true,"href":"https:\/\/jaralgto.gob.mx\/home\/wp-json\/wp\/v2\/users\/1"}],"replies":[{"embeddable":true,"href":"https:\/\/jaralgto.gob.mx\/home\/wp-json\/wp\/v2\/comments?post=863"}],"version-history":[{"count":8,"href":"https:\/\/jaralgto.gob.mx\/home\/wp-json\/wp\/v2\/pages\/863\/revisions"}],"predecessor-version":[{"id":902,"href":"https:\/\/jaralgto.gob.mx\/home\/wp-json\/wp\/v2\/pages\/863\/revisions\/902"}],"wp:attachment":[{"href":"https:\/\/jaralgto.gob.mx\/home\/wp-json\/wp\/v2\/media?parent=863"}],"curies":[{"name":"wp","href":"https:\/\/api.w.org\/{rel}","templated":true}]}}