{"id":3,"date":"2024-09-09T17:12:28","date_gmt":"2024-09-09T17:12:28","guid":{"rendered":"https:\/\/jaralgto.gob.mx\/home\/?page_id=3"},"modified":"2025-01-11T04:29:43","modified_gmt":"2025-01-11T04:29:43","slug":"aviso-de-privacidad","status":"publish","type":"page","link":"https:\/\/jaralgto.gob.mx\/home\/aviso-de-privacidad\/","title":{"rendered":"Aviso de Privacidad"},"content":{"rendered":"\t\t<div data-elementor-type=\"wp-page\" data-elementor-id=\"3\" class=\"elementor elementor-3\" data-elementor-post-type=\"page\">\n\t\t\t\t<div class=\"elementor-element elementor-element-ec1348a e-flex e-con-boxed e-con e-parent\" data-id=\"ec1348a\" data-element_type=\"container\">\n\t\t\t\t\t<div class=\"e-con-inner\">\n\t\t\t\t<div class=\"elementor-element elementor-element-746c090 elementor-widget elementor-widget-heading\" data-id=\"746c090\" data-element_type=\"widget\" data-widget_type=\"heading.default\">\n\t\t\t\t<div class=\"elementor-widget-container\">\n\t\t\t\t\t<h2 class=\"elementor-heading-title elementor-size-default\">Aviso de Privacidad<\/h2>\t\t\t\t<\/div>\n\t\t\t\t<\/div>\n\t\t\t\t\t<\/div>\n\t\t\t\t<\/div>\n\t\t<div class=\"elementor-element elementor-element-1511a4d e-flex e-con-boxed e-con e-parent\" data-id=\"1511a4d\" data-element_type=\"container\">\n\t\t\t\t\t<div class=\"e-con-inner\">\n\t\t\t\t<div class=\"elementor-element elementor-element-aa2ea2c elementor-widget elementor-widget-text-editor\" data-id=\"aa2ea2c\" data-element_type=\"widget\" data-widget_type=\"text-editor.default\">\n\t\t\t\t<div class=\"elementor-widget-container\">\n\t\t\t\t\t\t\t\t\t<p><strong>Aviso de Privacidad<\/strong><\/p><p>El Municipio de Jaral del Progreso, Guanajuato, con domicilio en Trigo No. 201, Fraccionamiento Presidencia del Municipio de Jaral del Progreso, Guanajuato, C.P. 38470, es el responsable del uso y protecci\u00f3n de sus datos personales. Este aviso de privacidad describe el tratamiento y uso que damos a los datos personales proporcionados a trav\u00e9s de nuestra p\u00e1gina web.<\/p><h3>Datos que recopilamos<\/h3><p>Recopilamos datos personales que usted nos proporciona voluntariamente cuando se comunica con nosotros o utiliza nuestros servicios en l\u00ednea. Estos datos pueden incluir su nombre, direcci\u00f3n, tel\u00e9fono, correo electr\u00f3nico y cualquier otra informaci\u00f3n necesaria para ofrecerle nuestros servicios.<\/p><h3>Finalidad del tratamiento de los datos<\/h3><p>Los datos personales que recabamos ser\u00e1n utilizados para los siguientes fines:<\/p><ul><li>Proveer los servicios que ofrece el Municipio.<\/li><li>Atender solicitudes, quejas y aclaraciones.<\/li><li>Generar estad\u00edsticas y reportes internos para mejorar la atenci\u00f3n.<\/li><li>Cumplir con obligaciones legales.<\/li><\/ul><h3>Protecci\u00f3n de datos<\/h3><p>Sus datos ser\u00e1n tratados de forma confidencial, implementando medidas de seguridad administrativas, t\u00e9cnicas y f\u00edsicas para protegerlos de posibles da\u00f1os, p\u00e9rdidas, alteraciones o accesos no autorizados.<\/p><h3>Derechos ARCO<\/h3><p>Usted tiene derecho a Acceder, Rectificar, Cancelar u Oponerse al tratamiento de sus datos personales (Derechos ARCO). Para ejercer estos derechos, puede ponerse en contacto con nosotros a trav\u00e9s del correo electr\u00f3nico <strong>contacto@jaralgto.gob.mx<\/strong> o al tel\u00e9fono<strong> 411-661-1818<\/strong>.<\/p><h3>Cambios en el Aviso de Privacidad<\/h3><p>Nos reservamos el derecho de realizar cambios en este aviso de privacidad en cualquier momento. Cualquier modificaci\u00f3n ser\u00e1 publicada en nuestro sitio web.<\/p><p><strong>Fecha de \u00faltima actualizaci\u00f3n:<\/strong> 01 de Noviembre de 2024.<\/p>\t\t\t\t\t\t\t\t<\/div>\n\t\t\t\t<\/div>\n\t\t\t\t\t<\/div>\n\t\t\t\t<\/div>\n\t\t\t\t<\/div>\n\t\t","protected":false},"excerpt":{"rendered":"<p>Aviso de Privacidad Aviso de Privacidad El Municipio de Jaral del Progreso, Guanajuato, con domicilio en Trigo No. 201, Fraccionamiento Presidencia del Municipio de Jaral del Progreso, Guanajuato, C.P. 38470, es el responsable del uso y protecci\u00f3n de sus datos personales. Este aviso de privacidad describe el tratamiento y uso que damos a los datos [&hellip;]<\/p>\n","protected":false},"author":1,"featured_media":0,"parent":0,"menu_order":0,"comment_status":"closed","ping_status":"closed","template":"","meta":{"footnotes":""},"class_list":["post-3","page","type-page","status-publish","hentry"],"_links":{"self":[{"href":"https:\/\/jaralgto.gob.mx\/home\/wp-json\/wp\/v2\/pages\/3","targetHints":{"allow":["GET"]}}],"collection":[{"href":"https:\/\/jaralgto.gob.mx\/home\/wp-json\/wp\/v2\/pages"}],"about":[{"href":"https:\/\/jaralgto.gob.mx\/home\/wp-json\/wp\/v2\/types\/page"}],"author":[{"embeddable":true,"href":"https:\/\/jaralgto.gob.mx\/home\/wp-json\/wp\/v2\/users\/1"}],"replies":[{"embeddable":true,"href":"https:\/\/jaralgto.gob.mx\/home\/wp-json\/wp\/v2\/comments?post=3"}],"version-history":[{"count":4,"href":"https:\/\/jaralgto.gob.mx\/home\/wp-json\/wp\/v2\/pages\/3\/revisions"}],"predecessor-version":[{"id":734,"href":"https:\/\/jaralgto.gob.mx\/home\/wp-json\/wp\/v2\/pages\/3\/revisions\/734"}],"wp:attachment":[{"href":"https:\/\/jaralgto.gob.mx\/home\/wp-json\/wp\/v2\/media?parent=3"}],"curies":[{"name":"wp","href":"https:\/\/api.w.org\/{rel}","templated":true}]}}