{"id":22,"date":"2024-09-09T17:22:52","date_gmt":"2024-09-09T17:22:52","guid":{"rendered":"https:\/\/jaralgto.gob.mx\/home\/?page_id=22"},"modified":"2025-11-14T05:20:55","modified_gmt":"2025-11-14T05:20:55","slug":"noticias","status":"publish","type":"page","link":"https:\/\/jaralgto.gob.mx\/home\/noticias\/","title":{"rendered":"Noticias"},"content":{"rendered":"\t\t<div data-elementor-type=\"wp-page\" data-elementor-id=\"22\" class=\"elementor elementor-22\" data-elementor-post-type=\"page\">\n\t\t\t\t<div class=\"elementor-element elementor-element-965c963 e-flex e-con-boxed e-con e-parent\" data-id=\"965c963\" data-element_type=\"container\">\n\t\t\t\t\t<div class=\"e-con-inner\">\n\t\t\t\t<div class=\"elementor-element elementor-element-3afa5d0 elementor-grid-3 elementor-grid-tablet-2 elementor-grid-mobile-1 elementor-posts--thumbnail-top elementor-widget elementor-widget-posts\" data-id=\"3afa5d0\" data-element_type=\"widget\" data-settings=\"{&quot;classic_columns&quot;:&quot;3&quot;,&quot;classic_columns_tablet&quot;:&quot;2&quot;,&quot;classic_columns_mobile&quot;:&quot;1&quot;,&quot;classic_row_gap&quot;:{&quot;unit&quot;:&quot;px&quot;,&quot;size&quot;:35,&quot;sizes&quot;:[]},&quot;classic_row_gap_tablet&quot;:{&quot;unit&quot;:&quot;px&quot;,&quot;size&quot;:&quot;&quot;,&quot;sizes&quot;:[]},&quot;classic_row_gap_mobile&quot;:{&quot;unit&quot;:&quot;px&quot;,&quot;size&quot;:&quot;&quot;,&quot;sizes&quot;:[]}}\" data-widget_type=\"posts.classic\">\n\t\t\t\t<div class=\"elementor-widget-container\">\n\t\t\t\t\t\t\t<div class=\"elementor-posts-container elementor-posts elementor-posts--skin-classic elementor-grid\">\n\t\t\t\t<article class=\"elementor-post elementor-grid-item post-1065 post type-post status-publish format-standard has-post-thumbnail hentry category-news\">\n\t\t\t\t<a class=\"elementor-post__thumbnail__link\" href=\"https:\/\/jaralgto.gob.mx\/home\/convocatoria-carretera-jaral-del-progreso-zempoala\/\" tabindex=\"-1\" >\n\t\t\t<div class=\"elementor-post__thumbnail\"><img fetchpriority=\"high\" decoding=\"async\" width=\"1269\" height=\"1657\" src=\"https:\/\/jaralgto.gob.mx\/home\/wp-content\/uploads\/2025\/08\/PUBLICACION-3_page-0001.jpg\" class=\"attachment-full size-full wp-image-1072\" alt=\"\" srcset=\"https:\/\/jaralgto.gob.mx\/home\/wp-content\/uploads\/2025\/08\/PUBLICACION-3_page-0001.jpg 1269w, https:\/\/jaralgto.gob.mx\/home\/wp-content\/uploads\/2025\/08\/PUBLICACION-3_page-0001-230x300.jpg 230w, https:\/\/jaralgto.gob.mx\/home\/wp-content\/uploads\/2025\/08\/PUBLICACION-3_page-0001-784x1024.jpg 784w, https:\/\/jaralgto.gob.mx\/home\/wp-content\/uploads\/2025\/08\/PUBLICACION-3_page-0001-768x1003.jpg 768w, https:\/\/jaralgto.gob.mx\/home\/wp-content\/uploads\/2025\/08\/PUBLICACION-3_page-0001-1176x1536.jpg 1176w\" sizes=\"(max-width: 1269px) 100vw, 1269px\" \/><\/div>\n\t\t<\/a>\n\t\t\t\t<div class=\"elementor-post__text\">\n\t\t\t\t<h3 class=\"elementor-post__title\">\n\t\t\t<a href=\"https:\/\/jaralgto.gob.mx\/home\/convocatoria-carretera-jaral-del-progreso-zempoala\/\" >\n\t\t\t\tConvocatoria Carretera Jaral del Progreso &#8211; Zempoala\t\t\t<\/a>\n\t\t<\/h3>\n\t\t\t\t<div class=\"elementor-post__meta-data\">\n\t\t\t\t\t<span class=\"elementor-post-date\">\n\t\t\tagosto 26, 2025\t\t<\/span>\n\t\t\t\t<span class=\"elementor-post-avatar\">\n\t\t\tNo hay comentarios\t\t<\/span>\n\t\t\t\t<\/div>\n\t\t\n\t\t<a class=\"elementor-post__read-more\" href=\"https:\/\/jaralgto.gob.mx\/home\/convocatoria-carretera-jaral-del-progreso-zempoala\/\" aria-label=\"Read more about Convocatoria Carretera Jaral del Progreso &#8211; Zempoala\" tabindex=\"-1\" >\n\t\t\tLeer m\u00e1s \u00bb\t\t<\/a>\n\n\t\t\t\t<\/div>\n\t\t\t\t<\/article>\n\t\t\t\t<\/div>\n\t\t\n\t\t\t\t\t\t<\/div>\n\t\t\t\t<\/div>\n\t\t\t\t\t<\/div>\n\t\t\t\t<\/div>\n\t\t<div class=\"elementor-element elementor-element-81b7297 e-flex e-con-boxed e-con e-parent\" data-id=\"81b7297\" data-element_type=\"container\">\n\t\t\t\t\t<div class=\"e-con-inner\">\n\t\t\t\t<div class=\"elementor-element elementor-element-24a5166 elementor-widget elementor-widget-text-editor\" data-id=\"24a5166\" data-element_type=\"widget\" data-widget_type=\"text-editor.default\">\n\t\t\t\t<div class=\"elementor-widget-container\">\n\t\t\t\t\t\t\t\t\t<ul>\n<li data-start=\"87\" data-end=\"155\"><img decoding=\"async\" class=\"alignnone size-medium wp-image-1105\" src=\"https:\/\/jaralgto.gob.mx\/home\/wp-content\/uploads\/2025\/11\/IMG_8905-300x200.jpg\" alt=\"\" width=\"300\" height=\"200\" srcset=\"https:\/\/jaralgto.gob.mx\/home\/wp-content\/uploads\/2025\/11\/IMG_8905-300x200.jpg 300w, https:\/\/jaralgto.gob.mx\/home\/wp-content\/uploads\/2025\/11\/IMG_8905-1024x683.jpg 1024w, https:\/\/jaralgto.gob.mx\/home\/wp-content\/uploads\/2025\/11\/IMG_8905-768x512.jpg 768w, https:\/\/jaralgto.gob.mx\/home\/wp-content\/uploads\/2025\/11\/IMG_8905-1536x1024.jpg 1536w, https:\/\/jaralgto.gob.mx\/home\/wp-content\/uploads\/2025\/11\/IMG_8905-2048x1365.jpg 2048w\" sizes=\"(max-width: 300px) 100vw, 300px\" \/> <img decoding=\"async\" class=\"alignnone size-medium wp-image-1104\" src=\"https:\/\/jaralgto.gob.mx\/home\/wp-content\/uploads\/2025\/11\/IMG_8860-300x200.jpg\" alt=\"\" width=\"300\" height=\"200\" srcset=\"https:\/\/jaralgto.gob.mx\/home\/wp-content\/uploads\/2025\/11\/IMG_8860-300x200.jpg 300w, https:\/\/jaralgto.gob.mx\/home\/wp-content\/uploads\/2025\/11\/IMG_8860-1024x683.jpg 1024w, https:\/\/jaralgto.gob.mx\/home\/wp-content\/uploads\/2025\/11\/IMG_8860-768x512.jpg 768w, https:\/\/jaralgto.gob.mx\/home\/wp-content\/uploads\/2025\/11\/IMG_8860-1536x1024.jpg 1536w, https:\/\/jaralgto.gob.mx\/home\/wp-content\/uploads\/2025\/11\/IMG_8860-2048x1365.jpg 2048w\" sizes=\"(max-width: 300px) 100vw, 300px\" \/> <img loading=\"lazy\" decoding=\"async\" class=\"alignnone size-medium wp-image-1110\" src=\"https:\/\/jaralgto.gob.mx\/home\/wp-content\/uploads\/2025\/11\/IMG_8985-Mejorado-NR-300x200.jpg\" alt=\"\" width=\"300\" height=\"200\" srcset=\"https:\/\/jaralgto.gob.mx\/home\/wp-content\/uploads\/2025\/11\/IMG_8985-Mejorado-NR-300x200.jpg 300w, https:\/\/jaralgto.gob.mx\/home\/wp-content\/uploads\/2025\/11\/IMG_8985-Mejorado-NR-1024x683.jpg 1024w, https:\/\/jaralgto.gob.mx\/home\/wp-content\/uploads\/2025\/11\/IMG_8985-Mejorado-NR-768x512.jpg 768w, https:\/\/jaralgto.gob.mx\/home\/wp-content\/uploads\/2025\/11\/IMG_8985-Mejorado-NR-1536x1024.jpg 1536w, https:\/\/jaralgto.gob.mx\/home\/wp-content\/uploads\/2025\/11\/IMG_8985-Mejorado-NR-2048x1365.jpg 2048w\" sizes=\"(max-width: 300px) 100vw, 300px\" \/> <img loading=\"lazy\" decoding=\"async\" class=\"alignnone size-medium wp-image-1106\" src=\"https:\/\/jaralgto.gob.mx\/home\/wp-content\/uploads\/2025\/11\/IMG_8916-300x200.jpg\" alt=\"\" width=\"300\" height=\"200\" srcset=\"https:\/\/jaralgto.gob.mx\/home\/wp-content\/uploads\/2025\/11\/IMG_8916-300x200.jpg 300w, https:\/\/jaralgto.gob.mx\/home\/wp-content\/uploads\/2025\/11\/IMG_8916-1024x683.jpg 1024w, https:\/\/jaralgto.gob.mx\/home\/wp-content\/uploads\/2025\/11\/IMG_8916-768x512.jpg 768w, https:\/\/jaralgto.gob.mx\/home\/wp-content\/uploads\/2025\/11\/IMG_8916-1536x1024.jpg 1536w, https:\/\/jaralgto.gob.mx\/home\/wp-content\/uploads\/2025\/11\/IMG_8916-2048x1365.jpg 2048w\" sizes=\"(max-width: 300px) 100vw, 300px\" \/> <img loading=\"lazy\" decoding=\"async\" class=\"alignnone size-medium wp-image-1107\" src=\"https:\/\/jaralgto.gob.mx\/home\/wp-content\/uploads\/2025\/11\/IMG_8918-300x200.jpg\" alt=\"\" width=\"300\" height=\"200\" srcset=\"https:\/\/jaralgto.gob.mx\/home\/wp-content\/uploads\/2025\/11\/IMG_8918-300x200.jpg 300w, https:\/\/jaralgto.gob.mx\/home\/wp-content\/uploads\/2025\/11\/IMG_8918-1024x683.jpg 1024w, https:\/\/jaralgto.gob.mx\/home\/wp-content\/uploads\/2025\/11\/IMG_8918-768x512.jpg 768w, https:\/\/jaralgto.gob.mx\/home\/wp-content\/uploads\/2025\/11\/IMG_8918-1536x1024.jpg 1536w, https:\/\/jaralgto.gob.mx\/home\/wp-content\/uploads\/2025\/11\/IMG_8918-2048x1365.jpg 2048w\" sizes=\"(max-width: 300px) 100vw, 300px\" \/> <img loading=\"lazy\" decoding=\"async\" class=\"alignnone size-medium wp-image-1112\" src=\"https:\/\/jaralgto.gob.mx\/home\/wp-content\/uploads\/2025\/11\/IMG_9008-300x200.jpg\" alt=\"\" width=\"300\" height=\"200\" srcset=\"https:\/\/jaralgto.gob.mx\/home\/wp-content\/uploads\/2025\/11\/IMG_9008-300x200.jpg 300w, https:\/\/jaralgto.gob.mx\/home\/wp-content\/uploads\/2025\/11\/IMG_9008-1024x683.jpg 1024w, https:\/\/jaralgto.gob.mx\/home\/wp-content\/uploads\/2025\/11\/IMG_9008-768x512.jpg 768w, https:\/\/jaralgto.gob.mx\/home\/wp-content\/uploads\/2025\/11\/IMG_9008-1536x1024.jpg 1536w, https:\/\/jaralgto.gob.mx\/home\/wp-content\/uploads\/2025\/11\/IMG_9008-2048x1365.jpg 2048w\" sizes=\"(max-width: 300px) 100vw, 300px\" \/><\/li><li data-start=\"87\" data-end=\"155\"><strong data-start=\"87\" data-end=\"155\" style=\"background-color: transparent;\">Noche m\u00e1gica en Jaral del Progreso por el D\u00eda Nacional del Libro<\/strong><\/li>\n<\/ul>\n<p data-start=\"157\" data-end=\"547\">Jaral del Progreso, Gto., 13 de noviembre de 2025.-<br data-start=\"208\" data-end=\"211\">Como parte de la conmemoraci\u00f3n del <strong data-start=\"246\" data-end=\"272\">D\u00eda Nacional del Libro<\/strong>, el Gobierno Municipal de Jaral del Progreso organiz\u00f3 una serie de actividades educativas y recreativas durante la tarde del mi\u00e9rcoles 12 de noviembre y a lo largo del d\u00eda 13, mismas que reunieron a decenas de familias jaralenses en un ambiente de aprendizaje y convivencia.<\/p>\n<p data-start=\"549\" data-end=\"771\">El alcalde <strong data-start=\"560\" data-end=\"586\">Daniel Cimental Barr\u00f3n<\/strong> encabez\u00f3 este evento que incluy\u00f3 <strong data-start=\"620\" data-end=\"702\">talleres de lectura, din\u00e1micas culturales y la observaci\u00f3n de cuerpos celestes<\/strong>, actividad que despert\u00f3 gran inter\u00e9s entre ni\u00f1os, j\u00f3venes y adultos.<\/p>\n<p data-start=\"773\" data-end=\"1015\">Las y los asistentes participaron activamente en cada una de las propuestas programadas, reforzando la importancia de la lectura como herramienta formativa y del conocimiento cient\u00edfico como elemento que impulsa la curiosidad de la comunidad.<\/p>\n<p data-start=\"1017\" data-end=\"1258\">A trav\u00e9s de estas acciones, el Gobierno Municipal refrenda su firme compromiso con la <strong data-start=\"1103\" data-end=\"1156\">educaci\u00f3n, la cultura y el sano desarrollo social<\/strong>, generando espacios donde las familias pueden convivir mientras fortalecen sus habilidades y valores.<\/p>\t\t\t\t\t\t\t\t<\/div>\n\t\t\t\t<\/div>\n\t\t\t\t\t<\/div>\n\t\t\t\t<\/div>\n\t\t\t\t<\/div>\n\t\t","protected":false},"excerpt":{"rendered":"","protected":false},"author":1,"featured_media":0,"parent":0,"menu_order":0,"comment_status":"closed","ping_status":"closed","template":"","meta":{"footnotes":""},"class_list":["post-22","page","type-page","status-publish","hentry"],"_links":{"self":[{"href":"https:\/\/jaralgto.gob.mx\/home\/wp-json\/wp\/v2\/pages\/22","targetHints":{"allow":["GET"]}}],"collection":[{"href":"https:\/\/jaralgto.gob.mx\/home\/wp-json\/wp\/v2\/pages"}],"about":[{"href":"https:\/\/jaralgto.gob.mx\/home\/wp-json\/wp\/v2\/types\/page"}],"author":[{"embeddable":true,"href":"https:\/\/jaralgto.gob.mx\/home\/wp-json\/wp\/v2\/users\/1"}],"replies":[{"embeddable":true,"href":"https:\/\/jaralgto.gob.mx\/home\/wp-json\/wp\/v2\/comments?post=22"}],"version-history":[{"count":32,"href":"https:\/\/jaralgto.gob.mx\/home\/wp-json\/wp\/v2\/pages\/22\/revisions"}],"predecessor-version":[{"id":1124,"href":"https:\/\/jaralgto.gob.mx\/home\/wp-json\/wp\/v2\/pages\/22\/revisions\/1124"}],"wp:attachment":[{"href":"https:\/\/jaralgto.gob.mx\/home\/wp-json\/wp\/v2\/media?parent=22"}],"curies":[{"name":"wp","href":"https:\/\/api.w.org\/{rel}","templated":true}]}}